{"id":226,"date":"2020-10-20T10:58:23","date_gmt":"2020-10-20T14:58:23","guid":{"rendered":"https:\/\/skillsfinder.ai\/?page_id=226"},"modified":"2024-02-27T11:15:26","modified_gmt":"2024-02-27T16:15:26","slug":"fr","status":"publish","type":"page","link":"https:\/\/skillsfinder.ai\/fr\/","title":{"rendered":"Home"},"content":{"rendered":"\n\n\n<div\n  class=\"section\"\n  style=\"background-color: #faf3e0\"\n>\n  <div class=\"container column-display\">\n    <div class=\"col-12 col-lg-6\">\n      <img decoding=\"async\"\n        src=\"https:\/\/skillsfinder.ai\/wp-content\/uploads\/2024\/02\/05-SkillFinder-Banner-image1.png\"\n        alt=\"\"\n      \/>\n    <\/div>\n    <div class=\"col-12 col-lg-6 col-text\">\n      <div class=\"text-margin\">\n        <h2><span style=\"color: #6ba4b8\">Qu\u2019est-ce que<\/span> le projet pilote SkillsFinder.ai?<\/h2>\n        <p>Le projet pilote de SkillsFinder.ai est testera un terminal banalis\u00e9 personnalis\u00e9 aliment\u00e9 par IA \u00e0 source ouverte. Il est con\u00e7u pour aider les apprenants \u00e0 mieux comprendre leurs lacunes en mati\u00e8re de comp\u00e9tences et \u00e0 trouver un micro-titre de comp\u00e9tences pour les combler. SkillsFinder.ai sera accessible gratuitement une fois que le test pilote sera compl\u00e9t\u00e9 au Printemps 2024.\n        <\/p>\n\n        <p>\n            Utilisez SkillsFinder.ai pour interagir avec le          <a target=\"_blank\" href=\"https:\/\/microlearnontario.ca\/\" rel=\"noopener\">portail des micro-titres <\/a\n          >\n          de comp\u00e9tences d\u2019eCampusOntario, \u00e9valuer rapidement vos aptitudes et comp\u00e9tences, les adapter \u00e0 ce que les employeurs recherchent et trouver des programmes de micro-titres de comp\u00e9tences pour combler vos lacunes professionnelles. \n        <\/p>\n      <\/div>\n    <\/div>\n  <\/div>\n<\/div>\n<div class=\"section\">\n  <div class=\"container\">\n    <div\n      class=\"\"\n      style=\"text-align: center\"\n    >\n      <h2 class=\"text-center\"><span style=\"color: #6ba4b8\">\u00c0 qui<\/span> s\u2019adresse Skillsfinder.ai?<\/h2>\n      <p>Les apprenants, les professionnels et les entreprises qui cherchent \u00e0 se perfectionner.<\/p>\n    <\/div>\n    <div class=\"container\">\n      <div class=\"column-display icon-list\">\n        <div class=\"col-12 col-lg-4\">\n          <img decoding=\"async\"\n            class=\"icon\"\n            src=\"https:\/\/skillsfinder.ai\/wp-content\/uploads\/2024\/02\/06-SkillFinder-icon-learners.png\"\n            alt=\"icon LEARNERS\"\n          \/>\n          <strong> Les apprenants <\/strong>\n        <\/div>\n\n        <div class=\"col-12 col-lg-4\">\n          <img decoding=\"async\"\n            class=\"icon\"\n            src=\"https:\/\/skillsfinder.ai\/wp-content\/uploads\/2024\/02\/06-SkillFinder-icon-educators.png\"\n            alt=\"icon EDUCATORS\"\n          \/>\n          <strong> Les professionnels <\/strong>\n        <\/div>\n        <div class=\"col-12 col-lg-4\">\n          <img decoding=\"async\"\n            class=\"icon\"\n            src=\"https:\/\/skillsfinder.ai\/wp-content\/uploads\/2024\/02\/06-SkillFinder-icon-businesses.png\"\n            alt=\"icon BUSINESSES\"\n          \/>\n          <strong> Les entreprises <\/strong>\n        <\/div>\n      <\/div>\n    <\/div>\n  <\/div>\n  <div class=\"column-display container\">\n    <div class=\"col-12 col-lg-6\">\n      <img decoding=\"async\"\n        src=\"https:\/\/skillsfinder.ai\/wp-content\/uploads\/2024\/02\/07-SkillFinder-Banner-image2.png\"\n        alt=\"\"\n      \/>\n    <\/div>\n    <div class=\"col-12 col-lg-6 col-text\">\n      <div class=\"text-margin\">\n        <h2><span style=\"color: #5ca6d6\">Pourquoi<\/span> utiliser SkillsFinder.ai?<\/h2>\n        <ul class=\"custom-list-check\">\n          <li>Acc\u00e9der \u00e0 la formation dispens\u00e9e par les \u00e9tablissements\n            postsecondaires de l\u2019Ontario.<\/li>\n          <li>Les entreprises peuvent favoriser le perfectionnement des comp\u00e9tences de leurs employ\u00e9s afin qu\u2019ils progressent sur le plan professionnel.<\/li>\n          <li>Les apprenants peuvent acc\u00e9l\u00e9rer leur carri\u00e8re ou acqu\u00e9rir de nouvelles comp\u00e9tences pour r\u00e9aliser de nouveaux objectifs professionnels.<\/li>\n          <li>Il s\u2019agit d\u2019un moyen efficace de dessiner une trajectoire professionnelle et de d\u00e9couvrir les titres de comp\u00e9tences n\u00e9cessaires \u00e0 la poursuite de ce cheminement.<\/li>\n        <\/ul>\n      <\/div>\n    <\/div>\n  <\/div>\n\n  <div class=\"column-display container\">\n    <div class=\"col-12 col-lg-6 col-text\">\n      <div class=\"text-margin\">\n        <h2><span style=\"color: #5ca6d6\">Comment<\/span> fonctionne SkillsFinder.ai?<\/h2>\n        <ul class=\"custom-list-dot\">\n          <li>Le terminal banalis\u00e9 fournit une liste pr\u00e9cise de micro-titres de comp\u00e9tences organis\u00e9s en fonction des donn\u00e9es relatives au march\u00e9 du travail.<\/li>\n          <li>Les apprenants peuvent cibler une r\u00e9gion g\u00e9ographique ou des domaines prioritaires, par exemple, des comp\u00e9tences en mati\u00e8re d\u2019\u00e9cologie ou d\u2019innovation<\/li>\n          <li>L\u2019outil permet \u00e9galement de trier les micro-titres de comp\u00e9tences selon les exigences de l\u2019industrie.<\/li>\n        <\/ul>\n      <\/div>\n    <\/div>\n\n    <div class=\"col-12 col-lg-6\">\n      <img decoding=\"async\"\n        src=\"https:\/\/skillsfinder.ai\/wp-content\/uploads\/2024\/02\/09-SkillFinder-Banner-image3.png\"\n        alt=\"\"\n      \/>\n    <\/div>\n  <\/div>\n<\/div>\n<div\n  class=\"section\"\n  style=\"background: #f6f6f6\"\n>\n  <div\n    class=\"container\"\n    style=\"text-align: center\"\n  >\n    <h2>Cr\u00e9er votre compte ChatGPT<\/h2>\n    <p>\n      <strong>SkillsFinder.ai<\/strong> constitue un outil exp\u00e9rimental de pointe et une d\u00e9monstration de faisabilit\u00e9. Vous devez disposer d\u2019un compte\n      <a target=\"_blank\" href=\"https:\/\/chat.openai.com\/g\/g-Y5FMbWS6Y-skills-finder\" rel=\"noopener\">ChatGPT pour l\u2019utiliser.<\/a\n      >\n      ChatGPT peut faire des erreurs. Veuillez faire preuve de prudence lorsque vous faites l\u2019essai de l\u2019outil. Si vous avez des questions, veuillez communiquer avec nous \u00e0 <a href=\"mailto:microlearn@ecampusontario.ca\"><strong>microlearn@ecampusontario.ca.<\/strong> <\/a>\n    <\/p>\n    <a class=\"btn btn-dark\" href=\"https:\/\/chat.openai.com\/g\/g-Y5FMbWS6Y-skills-finder\n\" target=\"_blank\" rel=\"noopener\">\n    Utiliser SkillsFinder.ai<\/a\n    >\n    <p style=\"margin: 0\"><small> ChatGPT Plus, un compte est requis<\/small><\/p>\n  <\/div>\n<\/div>\n<div class=\"section\">\n  <div\n    class=\"container\"\n    style=\"text-align: center\"\n  >\n    <div class=\"container\">\n      <h2>\u00c0 propos des micro-titres de comp\u00e9tences<\/h2>\n      <p>Les micro-titres de comp\u00e9tences sont des programmes de formation rapide propos\u00e9s par les \u00e9tablissements d\u2019enseignement postsecondaire de la province qui vous aident \u00e0 acqu\u00e9rir les comp\u00e9tences dont les employeurs ont besoin.<\/p>\n    <\/div>\n\n    <div\n      class=\"column-display\"\n      style=\"text-align: left; align-items: flex-start\"\n    >\n      <div class=\"col-12 col-lg-6\">\n        <h2>Les micro-titres de comp\u00e9tences :<\/h2>\n        <ul class=\"custom-list-check\">\n          <li>prennent moins de temps \u00e0 obtenir que les dipl\u00f4mes ou les grades;<\/li>\n          <li>peuvent \u00eatre achev\u00e9s en ligne et comprendre une formation professionnelle sur le terrain;<\/li>\n          <li>sont souvent cr\u00e9\u00e9s en collaboration avec des secteurs d\u2019activit\u00e9, de sorte que les comp\u00e9tences enseign\u00e9es correspondent aux besoins des employeurs.<\/li>\n        <\/ul>\n      <\/div>\n      <div class=\"col-12 col-lg-6\">\n        <h4>Que vous cherchiez \u00e0 perfectionner vos comp\u00e9tences et propulser votre carri\u00e8re, \u00e0 explorer une nouvelle voie professionnelle ou \u00e0 approfondir vos connaissances, les micro-titres de comp\u00e9tences peuvent vous aider \u00e0 y parvenir.<\/h4>\n        <ul class=\"custom-list-arrow\">\n          <li>Des occasions d\u2019apprentissage pertinentes \u00e0 l\u2019industrie pour tous.<\/li>\n          <li>Les co\u00fbts sont inf\u00e9rieurs \u00e0 ceux d\u2019un programme menant \u00e0 l\u2019obtention d\u2019un dipl\u00f4me ou d\u2019un grade.<\/li>\n          <li>Apprenez \u00e0 votre propre rythme.<\/li>\n        <\/ul>\n      <\/div>\n    <\/div>\n  <\/div>\n<\/div>\n\n<div\n  class=\"section\"\n  style=\"background: #f6c745\"\n>\n  <div class=\"container column-display\">\n    <div class=\"col-12 col-lg-6\">\n      <img decoding=\"async\"\n        style=\"width: auto\"\n        src=\"https:\/\/skillsfinder.ai\/wp-content\/uploads\/2024\/02\/11-eCO-logo.png\"\n        alt=\"\"\n      \/>\n    <\/div>\n    <div class=\"col-12 col-lg-6\">\n      <h1 style=\"margin-bottom: 3rem\">\u00c0 propos d\u2019eCampusOntario<\/h1>\n      <p>eCampusOntario est un organisme sans but lucratif financ\u00e9 par la province qui dirige un consortium de coll\u00e8ges, d\u2019universit\u00e9s et d\u2019instituts autochtones financ\u00e9s par le gouvernement provincial afin de d\u00e9velopper et mettre \u00e0 l\u2019essai des outils d\u2019apprentissage en ligne pour faire progresser l\u2019utilisation des technologies de l\u2019\u00e9ducation et des environnements d\u2019apprentissage num\u00e9riques.<\/p>\n      <p>Nous aidons l\u2019Ontario et ses \u00e9tablissements d\u2019enseignement \u00e0 devenir des chefs de file mondiaux dans la conception d\u2019exp\u00e9riences d\u2019apprentissage num\u00e9rique riches, inclusives et flexibles, bas\u00e9es sur une compr\u00e9hension fond\u00e9e sur des donn\u00e9es probantes, cr\u00e9ative et \u00e9tay\u00e9e des apprenants, des \u00e9ducateurs et des communaut\u00e9s.<\/p>\n    <\/div>\n  <\/div>\n<\/div>\n\n\n\n<style>\n  .btn-dark {\n    color: white !important;\n    text-transform: none !important;\n  }\n  .page-container{\n    margin-bottom: 0;\n\n  }\n  .custom-list-dot {\n    list-style: none; \/* Remove default list styles *\/\n    padding: 0;\n  }\n\n  .custom-list-dot li {\n    padding-left: 40px; \/* Adjust this value according to the width of your icon *\/\n    margin-bottom: 10px;\n    margin-top: 3rem;\n    position: relative;\n  }\n\n  .custom-list-dot li:before {\n    content: \"\";\n    width: 10px; \/* Adjust the size of the bullet point *\/\n    height: 10px; \/* Adjust the size of the bullet point *\/\n    background-color: #6ba4b8; \/* Set the color of the bullet point *\/\n    display: block; \/* Ensure the bullet point is a block element *\/\n    position: absolute; \/* Position the bullet point absolutely *\/\n    left: 0; \/* Position the bullet point to the left of the list item *\/\n    top: 50%; \/* Align the bullet point vertically in the middle *\/\n    transform: translateY(-50%); \/* Adjust for vertical alignment *\/\n    border-radius: 50%; \/* Make the bullet point circular *\/\n    margin-right: 10px; \/* Add some space between the bullet point and the text *\/\n  }\n  .custom-list-arrow {\n    list-style-type: none;\n    padding: 0;\n  }\n  .custom-list-arrow li {\n    padding-left: 90px; \/* Adjust this value according to the width of your icon *\/\n    margin-bottom: 10px;\n    margin-top: 3rem;\n    position: relative;\n  }\n  .custom-list-arrow li:before {\n    content: \"\";\n    position: absolute;\n    left: 0;\n    top: 50%;\n    height: 20px;\n    transform: translateY(-50%);\n    width: 40px; \/* Fixed width for the icon *\/\n    background: url(\"https:\/\/skillsfinder.ai\/wp-content\/uploads\/2024\/02\/10-SkillFinder-bluearrow.png\") no-repeat;\n    background-size: contain;\n  }\n  .custom-list-check {\n    list-style-type: none;\n    padding: 0;\n  }\n  .custom-list-check li {\n    padding-left: 90px; \/* Adjust this value according to the width of your icon *\/\n    margin-bottom: 10px;\n    margin-top: 3rem;\n    position: relative;\n  }\n  .custom-list-check li:before {\n    content: \"\";\n    position: absolute;\n    left: 0;\n    top: 50%;\n    height: 60px;\n\n    transform: translateY(-50%);\n    width: 60px; \/* Fixed width for the icon *\/\n    background: url(\"https:\/\/skillsfinder.ai\/wp-content\/uploads\/2024\/02\/08-05-SkillFinder-checkmark.png\") no-repeat;\n    background-size: contain;\n  }\n\n  .icon-list > div {\n    display: flex;\n    justify-content: center;\n    flex-direction: column;\n    align-items: center;\n    gap: 30px;\n    margin: 20px 0;\n  }\n  .icon {\n    width: 200px;\n  }\n  html {\n    background: white;\n  }\n  .n2-ss-slider-4 {\n    background: white;\n  }\n  .section {\n    padding: 4rem;\n  }\n  .column-display {\n    display: flex;\n    margin: 3rem auto;\n    align-items: center;\n\n    flex-wrap: wrap;\n  }\n  .col-text {\n    display: flex;\n    align-items: center;\n  }\n  .text-margin {\n    margin: 0 3rem;\n  }\n  .check-mark {\n    width: 60px;\n  }\n  @media only screen and (max-width: 991px) {\n    .section {\n      padding: 3rem 0;\n    }\n    .text-margin {\n      margin: 3rem 0;\n    }\n    .col-12 {\n      margin-bottom: 2rem;\n    }\n  }\n<\/style>\n","protected":false},"excerpt":{"rendered":"<p>Qu\u2019est-ce que le projet pilote SkillsFinder.ai? Le projet pilote de SkillsFinder.ai est testera un terminal banalis\u00e9 personnalis\u00e9 aliment\u00e9 par IA \u00e0 source ouverte. Il est con\u00e7u pour aider les apprenants<span> &#8230;<\/span><\/p>\n","protected":false},"author":2,"featured_media":0,"parent":0,"menu_order":0,"comment_status":"closed","ping_status":"closed","template":"","meta":{"footnotes":""},"class_list":["post-226","page","type-page","status-publish","hentry"],"_links":{"self":[{"href":"https:\/\/skillsfinder.ai\/fr\/wp-json\/wp\/v2\/pages\/226","targetHints":{"allow":["GET"]}}],"collection":[{"href":"https:\/\/skillsfinder.ai\/fr\/wp-json\/wp\/v2\/pages"}],"about":[{"href":"https:\/\/skillsfinder.ai\/fr\/wp-json\/wp\/v2\/types\/page"}],"author":[{"embeddable":true,"href":"https:\/\/skillsfinder.ai\/fr\/wp-json\/wp\/v2\/users\/2"}],"replies":[{"embeddable":true,"href":"https:\/\/skillsfinder.ai\/fr\/wp-json\/wp\/v2\/comments?post=226"}],"version-history":[{"count":21,"href":"https:\/\/skillsfinder.ai\/fr\/wp-json\/wp\/v2\/pages\/226\/revisions"}],"predecessor-version":[{"id":906,"href":"https:\/\/skillsfinder.ai\/fr\/wp-json\/wp\/v2\/pages\/226\/revisions\/906"}],"wp:attachment":[{"href":"https:\/\/skillsfinder.ai\/fr\/wp-json\/wp\/v2\/media?parent=226"}],"curies":[{"name":"wp","href":"https:\/\/api.w.org\/{rel}","templated":true}]}}